{"id":5698,"date":"2020-05-19T15:17:28","date_gmt":"2020-05-19T18:17:28","guid":{"rendered":"https:\/\/spbr.arq.br\/en\/?page_id=5698"},"modified":"2020-11-06T11:47:34","modified_gmt":"2020-11-06T14:47:34","slug":"exhibitions","status":"publish","type":"page","link":"https:\/\/spbr.arq.br\/en\/words\/exhibitions\/","title":{"rendered":"exhibitions"},"content":{"rendered":"<p>[et_pb_section fb_built=&#8221;1&#8243; disabled_on=&#8221;on|on|off&#8221; admin_label=&#8221;Desktop&#8221; _builder_version=&#8221;4.5.1&#8243; custom_margin=&#8221;0px||||false|false&#8221; custom_padding=&#8221;61px|5px|61px||true|false&#8221;][et_pb_row _builder_version=&#8221;4.4.8&#8243;][et_pb_column type=&#8221;4_4&#8243; _builder_version=&#8221;4.4.8&#8243; custom_padding=&#8221;|5px|||false|false&#8221;][et_pb_post_title meta=&#8221;off&#8221; featured_image=&#8221;off&#8221; _builder_version=&#8221;4.4.8&#8243; title_text_align=&#8221;right&#8221; custom_margin=&#8221;|-6px|||false|false&#8221; custom_padding=&#8221;|0px|||false|false&#8221;][\/et_pb_post_title][\/et_pb_column][\/et_pb_row][et_pb_row column_structure=&#8221;2_5,3_5&#8243; _builder_version=&#8221;4.6.5&#8243; background_size=&#8221;initial&#8221; background_position=&#8221;top_left&#8221; background_repeat=&#8221;repeat&#8221; custom_padding=&#8221;0px|||||&#8221;][et_pb_column type=&#8221;2_5&#8243; _builder_version=&#8221;3.25&#8243; custom_padding=&#8221;|||&#8221; custom_padding__hover=&#8221;|||&#8221;][et_pb_text _builder_version=&#8221;4.4.8&#8243;]<\/p>\n<p><strong>2018<\/strong><\/p>\n<p>&#8220;Free Space on Vertical Fabric&#8221;<br \/>Hong Kong Exhibition at Venice Biennale<br \/>curated by Weijen Wang, Venice, Italy<\/p>\n<p>FAU USP 70th Anniversary at the Centro Cultural Maria Antonia<br \/>USP, S\u00e3o Paulo, SP<br \/>curated by Ana Lucia Duarte Lanna, Sao Paulo, Brazil<\/p>\n<p>Casa da Arquitectura, &#8220;Infinito V\u00e3o &#8211; 90 anos de arquitetura brasileira&#8221;, featuring Weekend House in Sao Paulo, Centro Portugu\u00eas de Arquitectura, Matosinhos, Portugal<\/p>\n<p>GA House Projects Exhibition, featuring Sagaponack House, Tokyo, Japan<\/p>\n<p>&nbsp;<\/p>\n<p>&nbsp;<\/p>\n<p><strong>2017<\/strong><\/p>\n<p>FIU Miami Beach Urban Studios: College of Architecture + The Arts, SPBR Arquitetos: Angelo Bucci Solo Exhibition, featuring Apartment Building in Lugano; New MAM for Sao Paulo, Weekend House in Sao Paulo; Miami, US<\/p>\n<p>Siegen Architecture School \/ Hell Solo Exhibition featuring Weekend House and Ubatuba House, Siegen, Germany<\/p>\n<p>Guimaraes School of Architecture Exhibtion, featuring New MAM for Sao Paulo, Moreira Salles Institute and IMPA Mathematics Institute; Guimaraes, Portugal<\/p>\n<p>Einfach Allt\u00e4glich Exhibition AUT Architektur und Tirol \u2018A magic flashlight\u2019; Innsbruck, Austria<\/p>\n<p>GA House Projects Exibition, featuring Serra da Canastra House, Tokyo, Japan<\/p>\n<p>GA Documents Exhibition, featuring Rebou\u00e7as Building, Tokyo, Japan<\/p>\n<p>&nbsp;<\/p>\n<p><strong>2016<\/strong><\/p>\n<p>Milan Politecnico Architecture School Solo Exhibition, curated by Cubo Space, featuring Apartment Building in Lugano; Milano, Italy<\/p>\n<p>Carnegie Museum of Art \u2018South America Civic Construction\u2019 curated by Raymund Ryan, featuring A New MAM for Sao Paulo; Pittsburgh, US<\/p>\n<p>IIT Chicago \u2018Weekend House by SPBR \u2013 finalist at the MCHAP, Chicago US<\/p>\n<p>XV Venice Architecture Biennale, Reporting from the Front \u2018A New MAM for Sao Paulo\u2019 the only Brazilian Office invited by Alejandro Aravena for the main exhibition; Venice, Italy<\/p>\n<p>BIA AR International Architecture Biennale in Argentina, featuring the Weekend House; Buenos Aires, Argentina<\/p>\n<p>GA House Projects Exhibition, featuring House in Jardim Europa, Tokyo, Japan<\/p>\n<p>GA Documents Exhibition, featuring A New MAM for Sao Paulo, Tokyo, Japan<\/p>\n<p>&nbsp;<\/p>\n<p><strong>2015<\/strong><\/p>\n<p>GA House Projects Exhibition, featuring House in Santana do Parnaiba, Tokyo, Japan<\/p>\n<p>GA Documents Exhibition, featuring Public Hospital in Sao Bernardo, Tokyo, Japan<\/p>\n<p>&nbsp;<\/p>\n<p><strong>2014<\/strong><\/p>\n<p>FAAP Funda\u00e7\u00e3o Armando Alvares Penteado School of Architecture Solo Exhibition, featuring several projects; S\u00e3o Paulo, Brazil<\/p>\n<p>Carbono Art Gallery, featuring \u2018a house without inner space\u2019, Sao Paulo, Brazil<\/p>\n<p>IX BIAU Bienal Iberoamericana; featuring the \u2018Weekend House\u2019; Rosario, Argentina<\/p>\n<p>Exhibition at the Brazilian Pavillion at the XIV Venice Architecture Biennale, curated by Andre Corr\u00eaa do Lago; featuring the Weekend House in Sao Paulo, Carapicuiba House, Ubatuba House and Apartment Building in Lugano; Venice, Italy<\/p>\n<p>IAC Contemporary Art Museum, featuring the Weekend House in Sao Paulo and Apartment Building in Lugano; Marcaibo, Venezuela<\/p>\n<p>BAQ Bienal de Arquitectura de Quito, featuring the Weekend House in Sao Paulo; Quito, Ecuador<\/p>\n<p>GA House Projects Exhibition, featuring Ubatuba House 2, Tokyo, Japan<\/p>\n<p>GA Documents Exhibition, featuring Cultural Center for Children\u2019s Hospital, Tokyo, Japan<\/p>\n<p>&nbsp;<\/p>\n<p><strong>2013<\/strong><\/p>\n<p>PANORAMA 33 at MAM, curated by Lisette Lagnado, featuring \u2018A New MAM for S\u00e3o Paulo\u2019; Sao Paulo, Brazil<\/p>\n<p>Museu da Casa Brasileira, \u2018Local x Global Exhibition\u2019, featuring Ubatuba House, S\u00e3o Paulo, Brazil<\/p>\n<p>GA House Projects Exhibition, featuring House in Jardim Botanico, Tokyo, Japan<\/p>\n<p>GA Documents Exhibition, featuring Winery in Sao Jose do Rio Preto, Tokyo, Japan<\/p>\n<p>Escola da Cidade Exhibition, featuring Ubatuba House, S\u00e3o Paulo, Brazil<\/p>\n<p>Design Factory Leonardo Finotti Exhibition, featuring Ubatuba House, Bratislava, Slovakia<\/p>\n<p>&nbsp;<\/p>\n<p><strong>2012<\/strong><\/p>\n<p>VIII BIAU Cadiz, featuring Row-House in Silves, Portugal; Cadiz, Spain<\/p>\n<p>GA House Projects Exhibition, featuring House in Itaipava, Tokyo, Japan<\/p>\n<p>GA Documents Exhibition, featuring Apartment Building in Lugano, Tokyo, Japan<\/p>\n<p>&nbsp;<\/p>\n<p><strong>2011<\/strong><\/p>\n<p>Shenzhen Biennale Exhibition, featuring SPBR work, Shenzhen, China<\/p>\n<p>Latin Pratt at Pratt Institute Exhibition, featuring PUC-Rio Mediatheque and Ubatuba House, New York, US<\/p>\n<p>GA House Projects Exhibition, featuring Weekend House in Sao Paulo, Tokyo, Japan<\/p>\n<p>GA Documents Exhibition, featuring Treeteck Headquarter Building, Tokyo, Japan<\/p>\n<p>&nbsp;<\/p>\n<p><strong>2010<\/strong><\/p>\n<p>Exhibition at the Brazilian Pavillion at the XII Venice Architecture Biennale, featuring Mediatheque PUC-Rio; curated by Ricardo Ohtake; Venice, Italy;<\/p>\n<p>Arquitecturas de Autor 54 Solo Exhbition at Navarra School of Architecture, Pamplona, Spain<\/p>\n<p>UT Austin School of Architecture Faculty Exhibition, featuring Ubatuba House, Austin, Texas<\/p>\n<p>BAQ Bienal de Arquitectura de Quito, featuring Ubatuba House, Quito, Ecuador<\/p>\n<p>GA House Projects Exhibition, featuring House + Hair Studio in Orlandia, Tokyo, Japan<\/p>\n<p>&nbsp;<\/p>\n<p><strong>2009<\/strong><\/p>\n<p>GA House Projects Exhibition, featuring House in Portland, Tokyo, Japan<\/p>\n<p>GA Documents Exhibition, featuring PUC-Rio Mediatheque, Tokyo, Japan<\/p>\n<p>&nbsp;<\/p>\n<p><strong>2008<\/strong><\/p>\n<p>GA House Projects Exhibition, featuring House in Cotia, Tokyo, Japan<\/p>\n<p>&nbsp;<\/p>\n<p><strong>2007<\/strong><\/p>\n<p>Berkeley School of Architecture room 108 Solo Exhibition, featuring Afro-Philarmonic; Marista School, House in Phoenix and Bridge in Olten; Berkeley, US<\/p>\n<p>GA House Projects Exhibition, featuring East Hampton House, Tokyo, Japan<\/p>\n<p>&nbsp;<\/p>\n<p><strong>2006<\/strong><\/p>\n<p>GA House Projects Exhibition, featuring Ubatuba House, Tokyo, Japan<\/p>\n<p>&nbsp;<\/p>\n<p><strong>2005<\/strong><\/p>\n<p>Encore Moderne? Architecture bresilienne 1928-2005; Palais de la Porte Dor\u00e9e, Paris, France;<\/p>\n<p>GA House Projects Exhibition, featuring Santa Teresa House, Tokyo, Japan<\/p>\n<p>&nbsp;<\/p>\n<p><strong>2004<\/strong><\/p>\n<p>GA House Projects Exhibition, featuring Carapicuiba House, Tokyo, Japan<\/p>\n<p>&nbsp;<\/p>\n<p><strong>2000<\/strong><\/p>\n<p>IV Sao Paulo Architecture Biennale, featuring Triano Park Garage, Sao Paulo, Brazil<\/p>\n<p>&nbsp;<\/p>\n<p><strong>1999<\/strong><\/p>\n<p>Architecture Association, in Brazil Still Builds Recent Residential Projects, curated by Michael Hensel, featuring the Renovation of the Baeta House; London, UK<\/p>\n<p>[\/et_pb_text][\/et_pb_column][et_pb_column type=&#8221;3_5&#8243; _builder_version=&#8221;3.25&#8243; custom_padding=&#8221;|||&#8221; custom_padding__hover=&#8221;|||&#8221;][et_pb_image src=&#8221;https:\/\/spbr.arq.br\/pt\/wp-content\/uploads\/2020\/10\/diagrams_MAP-exhibitions-R03.svg&#8221; title_text=&#8221;diagrams_MAP-exhibitions-R03&#8243; _builder_version=&#8221;4.6.5&#8243; custom_padding=&#8221;45px|||||&#8221;][\/et_pb_image][\/et_pb_column][\/et_pb_row][\/et_pb_section][et_pb_section fb_built=&#8221;1&#8243; custom_padding_last_edited=&#8221;on|tablet&#8221; disabled_on=&#8221;off|off|on&#8221; admin_label=&#8221;Mobile&#8221; _builder_version=&#8221;4.5.1&#8243; custom_margin=&#8221;0px||||false|false&#8221; custom_padding=&#8221;80px|0px|80px||true|false&#8221; custom_padding_tablet=&#8221;&#8221; custom_padding_phone=&#8221;60px|0px|60px||true|false&#8221;][et_pb_row _builder_version=&#8221;4.4.8&#8243;][et_pb_column type=&#8221;4_4&#8243; _builder_version=&#8221;4.4.8&#8243; custom_padding=&#8221;|5px|||false|false&#8221;][et_pb_post_title meta=&#8221;off&#8221; featured_image=&#8221;off&#8221; _builder_version=&#8221;4.4.8&#8243; title_text_align=&#8221;right&#8221; custom_margin=&#8221;|-6px|||false|false&#8221; custom_padding=&#8221;|0px|||false|false&#8221;][\/et_pb_post_title][\/et_pb_column][\/et_pb_row][et_pb_row _builder_version=&#8221;4.5.1&#8243; background_size=&#8221;initial&#8221; background_position=&#8221;top_left&#8221; background_repeat=&#8221;repeat&#8221; custom_padding=&#8221;0px|||||&#8221;][et_pb_column type=&#8221;4_4&#8243; _builder_version=&#8221;3.25&#8243; custom_padding=&#8221;|||&#8221; custom_padding__hover=&#8221;|||&#8221;][et_pb_image src=&#8221;https:\/\/spbr.arq.br\/pt\/wp-content\/uploads\/2020\/07\/diagrams_MAP-exhibitions-R01.svg&#8221; title_text=&#8221;diagrams_MAP exhibitions-R01&#8243; _builder_version=&#8221;4.4.8&#8243; custom_padding=&#8221;45px|||||&#8221;][\/et_pb_image][et_pb_text _builder_version=&#8221;4.4.8&#8243;]<\/p>\n<p><strong>2018<\/strong><\/p>\n<p>\u2018Free Space on Vertical Fabric\u2019 a Hong Kong Exhibition at Venice Biennale, curated by Weijen Wang, Venice, Italy<\/p>\n<p>FAU USP 70th Anniversary at the Centro Cultural Maria Antonia USP, S\u00e3o Paulo, SP, curated by Ana Lucia Duarte Lanna, Sao Paulo, Brazil<\/p>\n<p>Casa da Arquitectura, &#8220;Infinito V\u00e3o &#8211; 90 anos de arquitetura brasileira&#8221;, featuring Weekend House in Sao Paulo, Centro Portugu\u00eas de Arquitectura, Matosinhos, Portugal<\/p>\n<p>GA House Projects Exhibition, featuring Sagaponack House, Tokyo, Japan<\/p>\n<p>&nbsp;<\/p>\n<p><strong>2017<\/strong><\/p>\n<p>FIU Miami Beach Urban Studios: College of Architecture + The Arts, SPBR Arquitetos: Angelo Bucci Solo Exhibition, featuring Apartment Building in Lugano; New MAM for Sao Paulo, Weekend House in Sao Paulo; Miami, US<\/p>\n<p>Siegen Architecture School \/ Hell Solo Exhibition featuring Weekend House and Ubatuba House, Siegen, Germany<\/p>\n<p>Guimaraes School of Architecture Exhibtion, featuring New MAM for Sao Paulo, Moreira Salles Institute and IMPA Mathematics Institute; Guimaraes, Portugal<\/p>\n<p>Einfach Allt\u00e4glich Exhibition AUT Architektur und Tirol \u2018A magic flashlight\u2019; Innsbruck, Austria<\/p>\n<p>GA House Projects Exibition, featuring Serra da Canastra House, Tokyo, Japan<\/p>\n<p>GA Documents Exhibition, featuring Rebou\u00e7as Building, Tokyo, Japan<\/p>\n<p>&nbsp;<\/p>\n<p><strong>2016<\/strong><\/p>\n<p>Milan Politecnico Architecture School Solo Exhibition, curated by Cubo Space, featuring Apartment Building in Lugano; Milano, Italy<\/p>\n<p>Carnegie Museum of Art \u2018South America Civic Construction\u2019 curated by Raymund Ryan, featuring A New MAM for Sao Paulo; Pittsburgh, US<\/p>\n<p>IIT Chicago \u2018Weekend House by SPBR \u2013 finalist at the MCHAP, Chicago US<\/p>\n<p>XV Venice Architecture Biennale, Reporting from the Front \u2018A New MAM for Sao Paulo\u2019 the only Brazilian Office invited by Alejandro Aravena for the main exhibition; Venice, Italy<\/p>\n<p>BIA AR International Architecture Biennale in Argentina, featuring the Weekend House; Buenos Aires, Argentina<\/p>\n<p>GA House Projects Exhibition, featuring House in Jardim Europa, Tokyo, Japan<\/p>\n<p>GA Documents Exhibition, featuring A New MAM for Sao Paulo, Tokyo, Japan<\/p>\n<p>&nbsp;<\/p>\n<p><strong>2015<\/strong><\/p>\n<p>GA House Projects Exhibition, featuring House in Santana do Parnaiba, Tokyo, Japan<\/p>\n<p>GA Documents Exhibition, featuring Public Hospital in Sao Bernardo, Tokyo, Japan<\/p>\n<p>&nbsp;<\/p>\n<p><strong>2014<\/strong><\/p>\n<p>FAAP Funda\u00e7\u00e3o Armando Alvares Penteado School of Architecture Solo Exhibition, featuring several projects; S\u00e3o Paulo, Brazil<\/p>\n<p>Carbono Art Gallery, featuring \u2018a house without inner space\u2019, Sao Paulo, Brazil<\/p>\n<p>IX BIAU Bienal Iberoamericana; featuring the \u2018Weekend House\u2019; Rosario, Argentina<\/p>\n<p>Exhibition at the Brazilian Pavillion at the XIV Venice Architecture Biennale, curated by Andre Corr\u00eaa do Lago; featuring the Weekend House in Sao Paulo, Carapicuiba House, Ubatuba House and Apartment Building in Lugano; Venice, Italy<\/p>\n<p>IAC Contemporary Art Museum, featuring the Weekend House in Sao Paulo and Apartment Building in Lugano; Marcaibo, Venezuela<\/p>\n<p>BAQ Bienal de Arquitectura de Quito, featuring the Weekend House in Sao Paulo; Quito, Ecuador<\/p>\n<p>GA House Projects Exhibition, featuring Ubatuba House 2, Tokyo, Japan<\/p>\n<p>GA Documents Exhibition, featuring Cultural Center for Children\u2019s Hospital, Tokyo, Japan<\/p>\n<p>&nbsp;<\/p>\n<p><strong>2013<\/strong><\/p>\n<p>PANORAMA 33 at MAM, curated by Lisette Lagnado, featuring \u2018A New MAM for S\u00e3o Paulo\u2019; Sao Paulo, Brazil<\/p>\n<p>Museu da Casa Brasileira, \u2018Local x Global Exhibition\u2019, featuring Ubatuba House, S\u00e3o Paulo, Brazil<\/p>\n<p>GA House Projects Exhibition, featuring House in Jardim Botanico, Tokyo, Japan<\/p>\n<p>GA Documents Exhibition, featuring Winery in Sao Jose do Rio Preto, Tokyo, Japan<\/p>\n<p>Escola da Cidade Exhibition, featuring Ubatuba House, S\u00e3o Paulo, Brazil<\/p>\n<p>Design Factory Leonardo Finotti Exhibition, featuring Ubatuba House, Bratislava, Slovakia<\/p>\n<p>&nbsp;<\/p>\n<p><strong>2012<\/strong><\/p>\n<p>VIII BIAU Cadiz, featuring Row-House in Silves, Portugal; Cadiz, Spain<\/p>\n<p>GA House Projects Exhibition, featuring House in Itaipava, Tokyo, Japan<\/p>\n<p>GA Documents Exhibition, featuring Apartment Building in Lugano, Tokyo, Japan<\/p>\n<p>&nbsp;<\/p>\n<p><strong>2011<\/strong><\/p>\n<p>Shenzhen Biennale Exhibition, featuring SPBR work, Shenzhen, China<\/p>\n<p>Latin Pratt at Pratt Institute Exhibition, featuring PUC-Rio Mediatheque and Ubatuba House, New York, US<\/p>\n<p>GA House Projects Exhibition, featuring Weekend House in Sao Paulo, Tokyo, Japan<\/p>\n<p>GA Documents Exhibition, featuring Treeteck Headquarter Building, Tokyo, Japan<\/p>\n<p>&nbsp;<\/p>\n<p><strong>2010<\/strong><\/p>\n<p>Exhibition at the Brazilian Pavillion at the XII Venice Architecture Biennale, featuring Mediatheque PUC-Rio; curated by Ricardo Ohtake; Venice, Italy;<\/p>\n<p>Arquitecturas de Autor 54 Solo Exhbition at Navarra School of Architecture, Pamplona, Spain<\/p>\n<p>UT Austin School of Architecture Faculty Exhibition, featuring Ubatuba House, Austin, Texas<\/p>\n<p>BAQ Bienal de Arquitectura de Quito, featuring Ubatuba House, Quito, Ecuador<\/p>\n<p>GA House Projects Exhibition, featuring House + Hair Studio in Orlandia, Tokyo, Japan<\/p>\n<p>&nbsp;<\/p>\n<p><strong>2009<\/strong><\/p>\n<p>GA House Projects Exhibition, featuring House in Portland, Tokyo, Japan<\/p>\n<p>GA Documents Exhibition, featuring PUC-Rio Mediatheque, Tokyo, Japan<\/p>\n<p>&nbsp;<\/p>\n<p><strong>2008<\/strong><\/p>\n<p>GA House Projects Exhibition, featuring House in Cotia, Tokyo, Japan<\/p>\n<p>&nbsp;<\/p>\n<p><strong>2007<\/strong><\/p>\n<p>Berkeley School of Architecture room 108 Solo Exhibition, featuring Afro-Philarmonic; Marista School, House in Phoenix and Bridge in Olten; Berkeley, US<\/p>\n<p>GA House Projects Exhibition, featuring East Hampton House, Tokyo, Japan<\/p>\n<p>&nbsp;<\/p>\n<p><strong>2006<\/strong><\/p>\n<p>GA House Projects Exhibition, featuring Ubatuba House, Tokyo, Japan<\/p>\n<p>&nbsp;<\/p>\n<p><strong>2005<\/strong><\/p>\n<p>Encore Moderne? Architecture bresilienne 1928-2005; Palais de la Porte Dor\u00e9e, Paris, France;<\/p>\n<p>GA House Projects Exhibition, featuring Santa Teresa House, Tokyo, Japan<\/p>\n<p>&nbsp;<\/p>\n<p><strong>2004<\/strong><\/p>\n<p>GA House Projects Exhibition, featuring Carapicuiba House, Tokyo, Japan<\/p>\n<p>&nbsp;<\/p>\n<p><strong>2000<\/strong><\/p>\n<p>IV Sao Paulo Architecture Biennale, featuring Triano Park Garage, Sao Paulo, Brazil<\/p>\n<p>&nbsp;<\/p>\n<p><strong>1999<\/strong><\/p>\n<p>Architecture Association, in Brazil Still Builds Recent Residential Projects, curated by Michael Hensel, featuring the Renovation of the Baeta House; London, UK<\/p>\n<p>[\/et_pb_text][\/et_pb_column][\/et_pb_row][\/et_pb_section]<\/p>\n","protected":false},"excerpt":{"rendered":"<p>[et_pb_section fb_built=&#8221;1&#8243; disabled_on=&#8221;on|on|off&#8221; admin_label=&#8221;Desktop&#8221; _builder_version=&#8221;4.5.1&#8243; custom_margin=&#8221;0px||||false|false&#8221; custom_padding=&#8221;61px|5px|61px||true|false&#8221;][et_pb_row _builder_version=&#8221;4.4.8&#8243;][et_pb_column type=&#8221;4_4&#8243; _builder_version=&#8221;4.4.8&#8243; custom_padding=&#8221;|5px|||false|false&#8221;][et_pb_post_title meta=&#8221;off&#8221; featured_image=&#8221;off&#8221; _builder_version=&#8221;4.4.8&#8243; title_text_align=&#8221;right&#8221; custom_margin=&#8221;|-6px|||false|false&#8221; custom_padding=&#8221;|0px|||false|false&#8221;][\/et_pb_post_title][\/et_pb_column][\/et_pb_row][et_pb_row column_structure=&#8221;2_5,3_5&#8243; _builder_version=&#8221;4.6.5&#8243; background_size=&#8221;initial&#8221; background_position=&#8221;top_left&#8221; background_repeat=&#8221;repeat&#8221; custom_padding=&#8221;0px|||||&#8221;][et_pb_column type=&#8221;2_5&#8243; _builder_version=&#8221;3.25&#8243; custom_padding=&#8221;|||&#8221; custom_padding__hover=&#8221;|||&#8221;][et_pb_text _builder_version=&#8221;4.4.8&#8243;] 2018 &#8220;Free Space on Vertical Fabric&#8221;Hong Kong Exhibition at Venice Biennalecurated by Weijen Wang, Venice, Italy FAU USP 70th Anniversary at the Centro Cultural Maria AntoniaUSP, S\u00e3o [&hellip;]<\/p>\n","protected":false},"author":1,"featured_media":0,"parent":27,"menu_order":0,"comment_status":"closed","ping_status":"closed","template":"","meta":{"_et_pb_use_builder":"on","_et_pb_old_content":"","_et_gb_content_width":""},"_links":{"self":[{"href":"https:\/\/spbr.arq.br\/en\/wp-json\/wp\/v2\/pages\/5698"}],"collection":[{"href":"https:\/\/spbr.arq.br\/en\/wp-json\/wp\/v2\/pages"}],"about":[{"href":"https:\/\/spbr.arq.br\/en\/wp-json\/wp\/v2\/types\/page"}],"author":[{"embeddable":true,"href":"https:\/\/spbr.arq.br\/en\/wp-json\/wp\/v2\/users\/1"}],"replies":[{"embeddable":true,"href":"https:\/\/spbr.arq.br\/en\/wp-json\/wp\/v2\/comments?post=5698"}],"version-history":[{"count":12,"href":"https:\/\/spbr.arq.br\/en\/wp-json\/wp\/v2\/pages\/5698\/revisions"}],"predecessor-version":[{"id":9160,"href":"https:\/\/spbr.arq.br\/en\/wp-json\/wp\/v2\/pages\/5698\/revisions\/9160"}],"up":[{"embeddable":true,"href":"https:\/\/spbr.arq.br\/en\/wp-json\/wp\/v2\/pages\/27"}],"wp:attachment":[{"href":"https:\/\/spbr.arq.br\/en\/wp-json\/wp\/v2\/media?parent=5698"}],"curies":[{"name":"wp","href":"https:\/\/api.w.org\/{rel}","templated":true}]}}