{"id":25,"date":"2020-04-14T19:34:12","date_gmt":"2020-04-14T22:34:12","guid":{"rendered":"https:\/\/spbr.arq.br\/en\/?page_id=25"},"modified":"2025-07-01T15:57:16","modified_gmt":"2025-07-01T18:57:16","slug":"about","status":"publish","type":"page","link":"https:\/\/spbr.arq.br\/en\/about\/","title":{"rendered":"about"},"content":{"rendered":"<p>[et_pb_section fb_built=&#8221;1&#8243; _builder_version=&#8221;4.4.8&#8243; custom_margin=&#8221;0px||0px||false|false&#8221; custom_margin_tablet=&#8221;250px||0px||false|false&#8221; custom_margin_phone=&#8221;250px||0px||false|false&#8221; custom_margin_last_edited=&#8221;on|tablet&#8221; custom_padding=&#8221;90px||120px||false|false&#8221;][et_pb_row column_structure=&#8221;1_2,1_2&#8243; use_custom_gutter=&#8221;on&#8221; _builder_version=&#8221;4.6.3&#8243; custom_padding=&#8221;0px||4px||false|false&#8221;][et_pb_column type=&#8221;1_2&#8243; _builder_version=&#8221;4.4.8&#8243; custom_padding=&#8221;|30px|||false|false&#8221; custom_padding_tablet=&#8221;|0px|||false|false&#8221; custom_padding_phone=&#8221;&#8221; custom_padding_last_edited=&#8221;on|tablet&#8221;][et_pb_text _builder_version=&#8221;4.6.3&#8243; header_font=&#8221;|600|||||||&#8221; header_text_color=&#8221;#3a3a3a&#8221; header_font_size=&#8221;14px&#8221;]<\/p>\n<h1>spbr architects<\/h1>\n<p>Angelo Bucci<\/p>\n<p>Lucas Roca<br \/>Mateus Evangelista<\/p>\n<p><span style=\"font-size: 14px;\"><\/span><\/p>\n<p><span style=\"font-size: 14px;\"><\/span><\/p>\n<p><span style=\"font-size: 14px;\"><\/span><\/p>\n<p><span style=\"font-size: 14px;\"><\/span><\/p>\n<p><span style=\"font-size: 14px;\">\u00a0<\/span><\/p>\n<p>Angelo Bucci, since 1989, holds simultaneously two complementary positions: professional, as an architect, and academic, as a professor of architecture.<\/p>\n<p>SPBR, founded in 2003, represents the combination of practice and theoretical knowledge, <strong>works<\/strong> and <strong>words<\/strong>. In the realm of design, the office engages on different scales: houses and buildings. In the realm of words, it promotes a flourish of dialogues: publications, exhibitions, lectures, and studios. Through this method, the interweaving of works and words, SPBR continuously challenges the premises that support the language of architecture.<\/p>\n<p>SPBR&#8217;s projects value structural conception, constructive solutions, economic viability, and mainly, the interaction with the city as the domain of architecture.<\/p>\n<p>SPBR is committed to exploring a threshold of unrealized possibilities, searching meaningful designs, informed by previous experiences, the proper use of resources, respect for the heritage, and boldness regarding our legacy for the future.<\/p>\n<p>[\/et_pb_text][\/et_pb_column][et_pb_column type=&#8221;1_2&#8243; _builder_version=&#8221;4.4.6&#8243;][et_pb_image src=&#8221;https:\/\/spbr.arq.br\/en\/wp-content\/uploads\/2020\/05\/spbr_sobre_web1-2.jpg&#8221; title_text=&#8221;spbr_sobre_web1&#8243; _builder_version=&#8221;4.4.6&#8243;][\/et_pb_image][et_pb_text _builder_version=&#8221;4.6.3&#8243; header_font=&#8221;|600|||||||&#8221; header_text_color=&#8221;#636363&#8243; header_font_size=&#8221;14px&#8221; custom_margin=&#8221;63px|||||&#8221;]<\/p>\n<h1>Contact<\/h1>\n<p>Av. Faria Lima, 1234, cj. 121<br \/>Sao Paulo\u00a0<span>\u2013 SP\u00a0\u2013 Brazil<\/span> <br \/> 01451-001<br \/> + 55 11 3815-1171<br \/> spbr@spbr.arq.br<\/p>\n<p>[\/et_pb_text][\/et_pb_column][\/et_pb_row][et_pb_row column_structure=&#8221;1_2,1_2&#8243; use_custom_gutter=&#8221;on&#8221; module_id=&#8221;premiacoes&#8221; _builder_version=&#8221;4.6.3&#8243; custom_padding=&#8221;70px||0px||false|false&#8221;][et_pb_column type=&#8221;1_2&#8243; _builder_version=&#8221;4.4.8&#8243; custom_padding=&#8221;|30px|||false|false&#8221; custom_padding_tablet=&#8221;|0px|||false|false&#8221; custom_padding_phone=&#8221;&#8221; custom_padding_last_edited=&#8221;on|desktop&#8221;][et_pb_text _builder_version=&#8221;4.6.3&#8243; header_font=&#8221;|600|||||||&#8221; header_text_color=&#8221;#3a3a3a&#8221; header_font_size=&#8221;14px&#8221; custom_padding=&#8221;||14px|||&#8221;]<\/p>\n<h1>Awards<\/h1>\n<p>[\/et_pb_text][et_pb_text _builder_version=&#8221;4.5.1&#8243; link_font=&#8221;||||on||||&#8221;]<\/p>\n<p><strong>2022<br \/><\/strong><span>Pr\u00eamio IABsp 2022 Categoria Edifica\u00e7\u00f5es \u2013 Residencial<\/span><br \/><span>e Habita\u00e7\u00e3o de Interesse Social\u00a0<\/span><br \/><span>FIRST PRIZE<\/span><br \/><strong><\/strong><\/p>\n<p><a href=\"https:\/\/spbr.arq.br\/en\/project\/1403\/\">Apartment Building in Vila Olimpia (FLOAT)<\/a><strong><\/strong><\/p>\n<p><strong>2021<br \/><\/strong>Pr\u00eamio Obra do Ano 2021<br \/>FIRST PRIZE<br \/><a href=\"https:\/\/spbr.arq.br\/en\/project\/1409\/\">Emergency Hospital in S\u00e3o Bernardo do Campo<\/a><strong><\/strong><\/p>\n<p><strong>2020<br \/><\/strong>Oscar Niemeyer Award for Latin-American Architecture (3rd Edition)<br \/>SECOND PRIZE<br \/><a href=\"https:\/\/spbr.arq.br\/en\/project\/1409\/\">Emergency Hospital in S\u00e3o Bernardo do Campo<\/a><\/p>\n<p>Paulista Association of Art Critics&#8217; Award (APCA)<br \/>Best Architecture Work<br \/><a href=\"https:\/\/spbr.arq.br\/project\/1409\/\"><\/a><a href=\"https:\/\/spbr.arq.br\/en\/project\/1409\/\">Emergency Hospital in S\u00e3o Bernardo do Campo<\/a><a href=\"https:\/\/spbr.arq.br\/project\/1409\/\"><\/a><\/p>\n<p><span>iF Design Award 2020<\/span><br \/><span>Category: Product<\/span><br \/><a href=\"https:\/\/ifworlddesignguide.com\/entry\/283255-docolplay-shower-spout\">DocolPlay Shower Spout<\/a><\/p>\n<p><strong style=\"font-size: 14px;\">2019<br \/><\/strong><span style=\"font-size: 14px;\">Americas Property Awards<br \/><\/span><span style=\"font-size: 14px;\">Best Residential Vertical Building,<\/span><span style=\"font-size: 14px;\">\u00a0<a href=\"https:\/\/spbr.arq.br\/en\/project\/1403\/\">Apartment building in Vila Ol\u00edmpia (Float)<\/a><\/span><a href=\"https:\/\/spbr.arq.br\/project\/1403\/\" style=\"font-size: 14px;\"><br \/><\/a><span style=\"font-size: 14px;\"><\/span>Best Residential Retrofit, <a href=\"https:\/\/spbr.arq.br\/en\/project\/1321\/\">Apartment building in Moema (Nomad)<\/a><\/p>\n<p><strong>2016<br \/><\/strong><span>Mies Crown Hall America\u2019s Prize<br \/>FINALIST 2014-2015<br \/><\/span><a href=\"https:\/\/spbr.arq.br\/en\/project\/1005\/\"><span>Weekend House in S\u00e3o Paulo<\/span><span><br \/><\/span><\/a><\/p>\n<p>XX Bienal Panamericana de Arquitectura de Quito<br \/><a href=\"https:\/\/spbr.arq.br\/pt\/project\/1005\/\"><\/a><a href=\"https:\/\/spbr.arq.br\/en\/project\/1005\/\"><span>Weekend House in S\u00e3o Paulo<\/span><\/a><a href=\"https:\/\/spbr.arq.br\/pt\/project\/1005\/\"><\/a><\/p>\n<p><strong>2014<\/strong><br \/>Arquitetura e Constru\u00e7\u00e3o Magazine Award \/ The best of architecture<br \/>Category: Urban house \u2013 less than 300 m\u00b2<br \/><a href=\"https:\/\/spbr.arq.br\/en\/project\/1005\/\"><span>Weekend House in S\u00e3o Paulo<\/span><\/a><a href=\"https:\/\/spbr.arq.br\/pt\/project\/1005\/\"><\/a><\/p>\n<p>IX BIAU \u2013 Bienal Iberoamericana de Arquitectura y Urbanismo<br \/><a href=\"https:\/\/spbr.arq.br\/en\/project\/1005\/\"><span>Weekend House in S\u00e3o Paulo<\/span><\/a><a href=\"https:\/\/spbr.arq.br\/pt\/project\/1005\/\"><\/a><\/p>\n<p><strong>2010<\/strong><br \/>Arquitetura e Constru\u00e7\u00e3o Magazine Award \/ The best of architecture<br \/>Category: Beach house<br \/><a href=\"https:\/\/spbr.arq.br\/en\/project\/0509\/\">House in Ubatuba<\/a>, Ubatuba, SP<\/p>\n<p><strong>2009<\/strong><br \/>International Young Generation<br \/>XII Architecture International Biennial of Buenos Aires<\/p>\n<p>&nbsp;<\/p>\n<p>&nbsp;<\/p>\n<p>[\/et_pb_text][\/et_pb_column][et_pb_column type=&#8221;1_2&#8243; _builder_version=&#8221;4.4.6&#8243; custom_padding=&#8221;|0px|||false|false&#8221; custom_padding_tablet=&#8221;|0px|||false|false&#8221; custom_padding_phone=&#8221;&#8221; custom_padding_last_edited=&#8221;on|desktop&#8221;][et_pb_text _builder_version=&#8221;4.5.1&#8243; link_font=&#8221;||||on||||&#8221; custom_margin=&#8221;46px|||||&#8221;]<\/p>\n<p><strong>2008<\/strong><br \/>Arquitetura e Constru\u00e7\u00e3o Magazine Award \/ The best of architecture<br \/>Category: Urban house<br \/><a href=\"https:\/\/spbr.arq.br\/en\/project\/0402\/\">House in Santa Teresa<\/a>, Rio de Janeiro, RJ<\/p>\n<p>LafargeHolcim Awards for Sustainable Construction \u2013 Latin\u00a0America<br \/>SECOND PRIZE<br \/><a href=\"https:\/\/spbr.arq.br\/en\/project\/0610\/\">Media Library for PUC-Rio<\/a>, Rio de Janeiro, RJ<\/p>\n<p><strong>2007<br \/><\/strong>VII Bienal Internacional de Arquitetura de S\u00e3o Paulo<br \/>HONORABLE MENTION<br \/><a href=\"https:\/\/spbr.arq.br\/en\/project\/0402\/\">House in Santa Teresa<\/a>, Rio de Janeiro, RJ<\/p>\n<p><strong>2006<\/strong><br \/>FIRST PRIZE<br \/>Competition for the <a href=\"https:\/\/spbr.arq.br\/en\/project\/0610\/\">Media Library for PUC-Rio<\/a><\/p>\n<p><strong>2004<\/strong><br \/>III CAU\u00ca Prize<br \/><a href=\"https:\/\/spbr.arq.br\/en\/project\/0301\/\">House in Carapicu\u00edba<\/a><\/p>\n<p><strong>2003<\/strong><br \/>V Bienal Internacional de Arquitetura de S\u00e3o Paulo<br \/>HONORABLE MENTION<br \/><a href=\"https:\/\/spbr.arq.br\/en\/project\/ribeirao-preto\/\">House in Ribeir\u00e3o Preto<\/a>, Ribeir\u00e3o Preto, SP<\/p>\n<p><strong>2002<\/strong><br \/>FIRST PRIZE<br \/>National Competition for the Memorial to the Republic in Piracicaba<\/p>\n<p>IAB AWARD<br \/>BEST BUILT WORK<br \/><a href=\"https:\/\/spbr.arq.br\/en\/project\/ribeirao-preto\/\">House in Ribeir\u00e3o Preto<\/a><\/p>\n<p><strong>2001<\/strong><br \/>THIRD PRIZE<br \/>National Competition for the CREA Cear\u00e1 Headquarters<\/p>\n<p><strong>2000<\/strong><br \/>Competition for the\u00a0Faculty of Medicine USP&#8217;s Masterplan<br \/>HONORABLE MENTION<\/p>\n<p>IV Bienal Internacional de Arquitetura de S\u00e3o Paulo<br \/>EX AEQUO PRIZE<br \/><a href=\"https:\/\/spbr.arq.br\/en\/project\/trianon\/\">Trianon Garage<\/a><\/p>\n<p>Mies Crown Hall America&#8217;s Prize<br \/>SELECTED WORK<br \/><a href=\"https:\/\/spbr.arq.br\/en\/project\/dental-clinic\/\">Dental Clinic in Orl\u00e2ndia<\/a><\/p>\n<p><strong>1996<\/strong><br \/>III Young Architects Awards<br \/>HONORABLE MENTION<br \/>Inn in Juquehy<\/p>\n<p><strong>1991<\/strong><br \/>FIRST PRIZE<br \/>National Architecture Competition for the <a href=\"https:\/\/spbr.arq.br\/en\/project\/expo-92-pavilion\/\">Brasil Pavilion at EXPO &#8217;92<\/a><\/p>\n<p>[\/et_pb_text][\/et_pb_column][\/et_pb_row][et_pb_row column_structure=&#8221;1_2,1_2&#8243; use_custom_gutter=&#8221;on&#8221; module_id=&#8221;equipe&#8221; _builder_version=&#8221;4.6.3&#8243; custom_padding=&#8221;70px||0px||false|false&#8221;][et_pb_column type=&#8221;1_2&#8243; _builder_version=&#8221;4.4.6&#8243;][et_pb_text _builder_version=&#8221;4.6.3&#8243; header_font=&#8221;|600|||||||&#8221; header_text_color=&#8221;#3a3a3a&#8221; header_font_size=&#8221;14px&#8221;]<\/p>\n<h1>People<\/h1>\n<p>[\/et_pb_text][et_pb_text _builder_version=&#8221;4.4.8&#8243; custom_margin=&#8221;3%||||false|false&#8221;]<\/p>\n<p><strong>Angelo Bucci<\/strong><br \/> Orl\u00e2ndia, 1963<\/p>\n<p>Architect by University of S\u00e3o Paulo, 1987.<\/p>\n<p>Master Degree, 1998, and PhD, 2005, by University of S\u00e3o Paulo.<br \/> Honorary Fellow of the American Institute of Architects (HF AIA), 2011.<\/p>\n<p>Founder and principal in charge of SPBR since 2003.<br \/>Founder and former partner of MMBB arquitetos, between 1996 e 2002.<\/p>\n<p>PhD Professor at the University of S\u00e3o Paulo, FAU USP, since 2001<br \/>Visiting professor \u2013 MIT, Cambridge, US, 2021, 2018, 2017, 2016, 2008.<br \/>Visiting professor \u2013 ETH Zurich, Switzerland \u2013 2013-2014<br \/>Visiting professor \u2013 Yale University, New Haven, Connecticut, US, 2013<br \/> Jury \u2013 Holcim International Sustainable Construction Award, 2011<br \/>Visiting professor \u2013 Torcuato Di Tella \u2013 Buenos Aires, Argentina, 2010, 2006<br \/>Visiting professor \u2013 UT Austin \u2013 Austin, Texas, US, 2010<br \/>Visiting professor \u2013 IUAV \u2013 Venice, Italy, 2009, 2008<br \/>Visiting professor \u2013 GSD Harvard, Cambridge, US, 2008<br \/>Visiting professor \u2013 Universidad de Cuenca, Ecuador, 2007, 2005<br \/>Visiting professor \u2013 UC Berkeley, Berkeley, US, 2006<br \/>Visiting professor \u2013 Arizona State University \u2013 Phoenix, US, 2005<br \/>Visiting professor \u2013 Andres Bello University \u2013 Santiago, Chile, 2005<\/p>\n<p>[\/et_pb_text][\/et_pb_column][et_pb_column type=&#8221;1_2&#8243; _builder_version=&#8221;4.4.6&#8243;][et_pb_image src=&#8221;https:\/\/spbr.arq.br\/en\/wp-content\/uploads\/2020\/05\/angelo_web4-1.jpg&#8221; title_text=&#8221;angelo_web4&#8243; _builder_version=&#8221;4.4.8&#8243; max_width=&#8221;400px&#8221; custom_margin=&#8221;48px|||||&#8221;][\/et_pb_image][\/et_pb_column][\/et_pb_row][et_pb_row column_structure=&#8221;1_6,1_6,1_6,1_6,1_6,1_6&#8243; use_custom_gutter=&#8221;on&#8221; _builder_version=&#8221;4.9.7&#8243; module_alignment=&#8221;center&#8221; custom_padding=&#8221;50px||50px||false|false&#8221;][et_pb_column type=&#8221;1_6&#8243; _builder_version=&#8221;4.9.7&#8243; _module_preset=&#8221;default&#8221;][et_pb_image src=&#8221;https:\/\/spbr.arq.br\/en\/wp-content\/uploads\/2023\/01\/IMG_7355_pb.jpg&#8221; title_text=&#8221;IMG_7355_pb&#8221; _builder_version=&#8221;4.9.7&#8243; locked=&#8221;off&#8221;][\/et_pb_image][\/et_pb_column][et_pb_column type=&#8221;1_6&#8243; _builder_version=&#8221;4.6.3&#8243;][et_pb_text _builder_version=&#8221;4.9.7&#8243; _module_preset=&#8221;default&#8221;]<\/p>\n<h5><strong>Lucas Roca<\/strong><\/h5>\n<p>Itu, 1990.<span style=\"font-size: 12px;\"><br \/><\/span><\/p>\n<p>Architect by University of S\u00e3o Paulo, 2016.<\/p>\n<p>SPBR arquitetos associate since 2016, colaborated since 2014.<\/p>\n<p>[\/et_pb_text][et_pb_social_media_follow _builder_version=&#8221;4.9.7&#8243;][et_pb_social_media_follow_network social_network=&#8221;linkedin&#8221; url=&#8221;https:\/\/www.linkedin.com\/in\/lucas-roca-425a96150\/&#8221; icon_color=&#8221;#222222&#8243; use_icon_font_size=&#8221;on&#8221; icon_font_size=&#8221;10px&#8221; _builder_version=&#8221;4.9.7&#8243; border_width_all=&#8221;1px&#8221; follow_button=&#8221;off&#8221; url_new_window=&#8221;on&#8221;]linkedin[\/et_pb_social_media_follow_network][\/et_pb_social_media_follow][\/et_pb_column][et_pb_column type=&#8221;1_6&#8243; _builder_version=&#8221;4.9.7&#8243; _module_preset=&#8221;default&#8221;][et_pb_image src=&#8221;https:\/\/spbr.arq.br\/en\/wp-content\/uploads\/2024\/02\/IMG_8008-scaled.jpg&#8221; title_text=&#8221;IMG_8008&#8243; _builder_version=&#8221;4.9.7&#8243; locked=&#8221;off&#8221;][\/et_pb_image][\/et_pb_column][et_pb_column type=&#8221;1_6&#8243; _builder_version=&#8221;4.4.6&#8243;][et_pb_text _builder_version=&#8221;4.9.7&#8243; _module_preset=&#8221;default&#8221; locked=&#8221;off&#8221;]<\/p>\n<h5><strong>Mateus Evangelista<\/strong><\/h5>\n<p>S\u00e3o Paulo, 1998.<span style=\"font-size: 12px;\"><br \/><\/span><\/p>\n<p>Architect by University of S\u00e3o Paulo, 2023.<\/p>\n<p>SPBR arquitetos associate since 2024, colaborated since 2021.<\/p>\n<p>[\/et_pb_text][et_pb_social_media_follow _builder_version=&#8221;4.9.7&#8243; locked=&#8221;off&#8221;][et_pb_social_media_follow_network social_network=&#8221;linkedin&#8221; url=&#8221;https:\/\/br.linkedin.com\/in\/mateus-evangelista-30848b164&#8243; icon_color=&#8221;#222222&#8243; use_icon_font_size=&#8221;on&#8221; icon_font_size=&#8221;10px&#8221; _builder_version=&#8221;4.9.7&#8243; border_width_all=&#8221;1px&#8221; follow_button=&#8221;off&#8221; url_new_window=&#8221;on&#8221;]linkedin[\/et_pb_social_media_follow_network][\/et_pb_social_media_follow][\/et_pb_column][et_pb_column type=&#8221;1_6&#8243; _builder_version=&#8221;4.4.6&#8243;][\/et_pb_column][et_pb_column type=&#8221;1_6&#8243; _builder_version=&#8221;4.4.6&#8243;][et_pb_text _builder_version=&#8221;4.6.3&#8243; header_5_font_size=&#8221;14px&#8221; custom_margin=&#8221;|||0px|false|false&#8221; custom_margin_tablet=&#8221;&#8221; custom_margin_phone=&#8221;5%||5%|0%|true|false&#8221; custom_margin_last_edited=&#8221;on|phone&#8221;][\/et_pb_text][\/et_pb_column][\/et_pb_row][et_pb_row column_structure=&#8221;1_2,1_2&#8243; _builder_version=&#8221;4.4.6&#8243; custom_padding=&#8221;4px|||||&#8221;][et_pb_column type=&#8221;1_2&#8243; _builder_version=&#8221;4.4.6&#8243;][et_pb_text _builder_version=&#8221;4.9.7&#8243; header_font=&#8221;|600|||||||&#8221; header_text_color=&#8221;#3a3a3a&#8221; header_font_size=&#8221;14px&#8221;]<\/p>\n<h1>Former Contributors<\/h1>\n<p>&nbsp;<\/p>\n<p>former associates: <a href=\"http:\/\/www.gruposp.arq.br\/\" target=\"_blank\" rel=\"noopener noreferrer\">Alvaro Puntoni<\/a>, <a href=\"https:\/\/www.ciromiguel.com\/\" target=\"_blank\" rel=\"noopener noreferrer\">Ciro Miguel<\/a>, Felipe Barradas, <a href=\"https:\/\/www.vereda.pro\/Vereda-Arquitetos\" target=\"_blank\" rel=\"noopener noreferrer\">Jo\u00e3o Paulo Meirelles de Faria<\/a>,\u00a0Juliana Braga, Maria Isabel Imbronito, <a href=\"https:\/\/br.linkedin.com\/in\/martha-dallari-bucci-d%C3%BCrig-269258b1\" target=\"_blank\" rel=\"noopener noreferrer\">Martha Bucci<\/a>, <a href=\"http:\/\/www.sabiaarquitetos.com\/\" target=\"_blank\" rel=\"noopener noreferrer\">Nilton Suenaga,\u00a0<\/a><a href=\"http:\/\/www.sabiaarquitetos.com\/\">Beatriz Marques<\/a>,\u00a0<a href=\"https:\/\/www.instagram.com\/tati.ozzetti.ozzarq\/\">Tatiana Ozzetti, Victor Pr\u00f3spero, VIt\u00f3ria de Mendon\u00e7a<\/a><\/p>\n<p>collaborated: Adriana Cavagna, Ana Carolina Mello, Ana Patricia Orillac, Andr\u00e9 Drummond, Azul Campos, Alina Paias, Beatriz Brandt, Beatriz Leal Codognotto, Carolyn, Caio de Paula, Colin Billings, Daniela Zavagli, Eric Ennser, Fernanda Cavallaro, Fernando Bizarri, Fl\u00e1via Parodi Costa, Gabriel Manzi, Gabriela Henriques Casal, Gabriela Ramadan, Gabriela Yumi Takase, Giacomo Favili, Giovanni Meirelles de Faria, Gl\u00f3ria Cabral, Henrique Muniz, James Deering, Jo\u00e3o Paulo Daolio, Jo\u00e3o Carlos Ferreira. Jo\u00e3o Gabriel de Oliveira, Jo\u00e3o Sodr\u00e9, Jo\u00e3o Miguel Suguihara, Joaquin Corvalan, Jonathan Davies, Julia Grangeiro, Laura Pappalardo, Larissa Fiorin, Larissa Oliveira, Lia Balassiano, Lucas Nobre, Luiza Zander Gaspar, Maria Cec\u00edlia Rossini, Maria Isabel Imbronito, Maria Piedade, Maria Rovea, Mariana Pajolla, Meghan Duarte, Miguel Croce, Mike Braun, Natalia Hiromi, Omar Dalank, Paula Dal Maso, Raquel Leite, Rebeca Grinspum, Seraina Hanselmann, Susana Jeque, Veridiana Dutra, Victor da Costa Alexandre, Vitor Endo.\u00a0<\/p>\n<p>[\/et_pb_text][\/et_pb_column][et_pb_column type=&#8221;1_2&#8243; _builder_version=&#8221;4.4.6&#8243;][\/et_pb_column][\/et_pb_row][\/et_pb_section]<\/p>\n","protected":false},"excerpt":{"rendered":"<p>[et_pb_section fb_built=&#8221;1&#8243; _builder_version=&#8221;4.4.8&#8243; custom_margin=&#8221;0px||0px||false|false&#8221; custom_margin_tablet=&#8221;250px||0px||false|false&#8221; custom_margin_phone=&#8221;250px||0px||false|false&#8221; custom_margin_last_edited=&#8221;on|tablet&#8221; custom_padding=&#8221;90px||120px||false|false&#8221;][et_pb_row column_structure=&#8221;1_2,1_2&#8243; use_custom_gutter=&#8221;on&#8221; _builder_version=&#8221;4.6.3&#8243; custom_padding=&#8221;0px||4px||false|false&#8221;][et_pb_column type=&#8221;1_2&#8243; _builder_version=&#8221;4.4.8&#8243; custom_padding=&#8221;|30px|||false|false&#8221; custom_padding_tablet=&#8221;|0px|||false|false&#8221; custom_padding_phone=&#8221;&#8221; custom_padding_last_edited=&#8221;on|tablet&#8221;][et_pb_text _builder_version=&#8221;4.6.3&#8243; header_font=&#8221;|600|||||||&#8221; header_text_color=&#8221;#3a3a3a&#8221; header_font_size=&#8221;14px&#8221;] spbr architects Angelo Bucci Lucas RocaMateus Evangelista \u00a0 Angelo Bucci, since 1989, holds simultaneously two complementary positions: professional, as an architect, and academic, as a professor of architecture. SPBR, founded in 2003, represents [&hellip;]<\/p>\n","protected":false},"author":1,"featured_media":0,"parent":0,"menu_order":0,"comment_status":"closed","ping_status":"closed","template":"","meta":{"_et_pb_use_builder":"on","_et_pb_old_content":"<!-- wp:divi\/placeholder \/-->","_et_gb_content_width":""},"_links":{"self":[{"href":"https:\/\/spbr.arq.br\/en\/wp-json\/wp\/v2\/pages\/25"}],"collection":[{"href":"https:\/\/spbr.arq.br\/en\/wp-json\/wp\/v2\/pages"}],"about":[{"href":"https:\/\/spbr.arq.br\/en\/wp-json\/wp\/v2\/types\/page"}],"author":[{"embeddable":true,"href":"https:\/\/spbr.arq.br\/en\/wp-json\/wp\/v2\/users\/1"}],"replies":[{"embeddable":true,"href":"https:\/\/spbr.arq.br\/en\/wp-json\/wp\/v2\/comments?post=25"}],"version-history":[{"count":86,"href":"https:\/\/spbr.arq.br\/en\/wp-json\/wp\/v2\/pages\/25\/revisions"}],"predecessor-version":[{"id":10729,"href":"https:\/\/spbr.arq.br\/en\/wp-json\/wp\/v2\/pages\/25\/revisions\/10729"}],"wp:attachment":[{"href":"https:\/\/spbr.arq.br\/en\/wp-json\/wp\/v2\/media?parent=25"}],"curies":[{"name":"wp","href":"https:\/\/api.w.org\/{rel}","templated":true}]}}