{"id":20,"date":"2020-04-14T19:32:41","date_gmt":"2020-04-14T19:32:41","guid":{"rendered":"https:\/\/spbr.arq.br\/en\/?page_id=20"},"modified":"2020-07-28T14:01:20","modified_gmt":"2020-07-28T17:01:20","slug":"home","status":"publish","type":"page","link":"https:\/\/spbr.arq.br\/en\/","title":{"rendered":"Home"},"content":{"rendered":"<p>[et_pb_section fb_built=&#8221;1&#8243; disabled_on=&#8221;off|off|off&#8221; _builder_version=&#8221;4.5.1&#8243; background_color=&#8221;#ffffff&#8221; min_height=&#8221;785px&#8221; overflow-y=&#8221;hidden&#8221; custom_margin=&#8221;0px||||false|false&#8221; custom_padding=&#8221;70px||0px||false|false&#8221; hover_enabled=&#8221;0&#8243; min_height_last_edited=&#8221;on|tablet&#8221; custom_padding_last_edited=&#8221;on|tablet&#8221; custom_padding_tablet=&#8221;105px||0px||false|false&#8221; custom_padding_phone=&#8221;80px||||false|false&#8221;][et_pb_row _builder_version=&#8221;4.4.6&#8243; custom_margin=&#8221;20px|auto||auto|false|false&#8221; custom_padding=&#8221;4px||4px||true|&#8221;][et_pb_column type=&#8221;4_4&#8243; _builder_version=&#8221;4.4.3&#8243;][et_pb_toggle open_toggle_background_color=&#8221;rgba(255,255,255,0.69)&#8221; closed_toggle_background_color=&#8221;rgba(0,0,0,0)&#8221; icon_color=&#8221;#ffffff&#8221; _builder_version=&#8221;4.5.1&#8243; positioning=&#8221;absolute&#8221; position_origin_a=&#8221;top_right&#8221; position_origin_r=&#8221;top_right&#8221; z_index=&#8221;500&#8243; max_width=&#8221;350px&#8221; custom_margin=&#8221;-3px||0px||false|false&#8221; hover_transition_duration=&#8221;2000ms&#8221; hover_transition_speed_curve=&#8221;ease-in&#8221; hover_enabled=&#8221;0&#8243; border_color_all=&#8221;rgba(0,0,0,0)&#8221; max_width_last_edited=&#8221;on|phone&#8221; max_width_phone=&#8221;100%&#8221;]<\/p>\n<p><strong>spbr arquitetos<\/strong>, fundado e dirigido por Angelo Bucci, abriga ideais amadurecidos ao longo de uma atua\u00e7\u00e3o exercida em duas frentes complementares: profissional e acad\u00eamica. As obras t\u00eam merecido crescente destaque em pr\u00eamios, confer\u00eancias, publica\u00e7\u00f5es e exposi\u00e7\u00f5es no Brasil e no mundo.<\/p>\n<p>[\/et_pb_toggle][et_pb_code _builder_version=&#8221;4.4.6&#8243; custom_margin=&#8221;-3px|||||&#8221; custom_padding=&#8221;0px|||||&#8221;]<div id=\"metaslider-id-1536\" style=\"width: 100%;\" class=\"ml-slider-3-20-3 ml-slider-pro-2-14-0 metaslider metaslider-flex metaslider-1536 ml-slider ml-slider-lightbox-1-12-0 lightbox-disabled ms-theme-_theme_1586895455 nav-hidden\">\n    <div id=\"metaslider_container_1536\">\n        <div id=\"metaslider_1536\" class=\"flexslider\">\n            <ul aria-live=\"polite\" class=\"slides\">\n                <li style=\"display: block; width: 100%;\" class=\"slide-2634 ms-image\"><img loading=\"lazy\" src=\"https:\/\/spbr.arq.br\/en\/wp-content\/uploads\/2020\/04\/SPBR_0808_IMG_2569_SLIDE-1140x643.jpg\" height=\"700\" width=\"1240\" alt=\"\" class=\"slider-1536 slide-2634\" title=\"SPBR_0808_IMG_2569_SLIDE\" \/><div class=\"caption-wrap\"><div class=\"caption\">Edif\u00edcio de apartamentos em Lugano<\/div><\/div><\/li>\n                <li style=\"display: none; width: 100%;\" class=\"slide-2623 ms-image\"><img loading=\"lazy\" src=\"https:\/\/spbr.arq.br\/en\/wp-content\/uploads\/2020\/04\/SPBR_00_IMG_0003_SLIDE-1140x643.jpg\" height=\"700\" width=\"1240\" alt=\"\" class=\"slider-1536 slide-2623\" title=\"SPBR_00_IMG_0003_SLIDE\" \/><\/li>\n                <li style=\"display: none; width: 100%;\" class=\"slide-2624 ms-image\"><img loading=\"lazy\" src=\"https:\/\/spbr.arq.br\/en\/wp-content\/uploads\/2020\/04\/SPBR_157_IMG_157002_SLIDE-1140x643.jpg\" height=\"700\" width=\"1240\" alt=\"\" class=\"slider-1536 slide-2624\" title=\"SPBR_157_IMG_157002_SLIDE\" \/><\/li>\n                <li style=\"display: none; width: 100%;\" class=\"slide-2625 ms-image\"><img loading=\"lazy\" src=\"https:\/\/spbr.arq.br\/en\/wp-content\/uploads\/2020\/04\/SPBR_182_IMG_0002_SLIDE-1140x643.jpg\" height=\"700\" width=\"1240\" alt=\"\" class=\"slider-1536 slide-2625\" title=\"SPBR_182_IMG_0002_SLIDE\" \/><\/li>\n                <li style=\"display: none; width: 100%;\" class=\"slide-2626 ms-image\"><img loading=\"lazy\" src=\"https:\/\/spbr.arq.br\/en\/wp-content\/uploads\/2020\/04\/SPBR_184_IMG_0008_SLIDE-1140x643.jpg\" height=\"700\" width=\"1240\" alt=\"\" class=\"slider-1536 slide-2626\" title=\"IslBG\" \/><div class=\"caption-wrap\"><div class=\"caption\">IslBG<\/div><\/div><\/li>\n                <li style=\"display: none; width: 100%;\" class=\"slide-2627 ms-image\"><img loading=\"lazy\" src=\"https:\/\/spbr.arq.br\/en\/wp-content\/uploads\/2020\/04\/SPBR_0309_IMG_0008_SLIDE-1140x643.jpg\" height=\"700\" width=\"1240\" alt=\"\" class=\"slider-1536 slide-2627\" title=\"SPBR_0309_IMG_0008_SLIDE\" \/><\/li>\n                <li style=\"display: none; width: 100%;\" class=\"slide-2628 ms-image\"><img loading=\"lazy\" src=\"https:\/\/spbr.arq.br\/en\/wp-content\/uploads\/2020\/04\/SPBR_0402_IMG_0002_SLIDE-1140x643.jpg\" height=\"700\" width=\"1240\" alt=\"\" class=\"slider-1536 slide-2628\" title=\"SPBR_0402_IMG_0002_SLIDE\" \/><\/li>\n                <li style=\"display: none; width: 100%;\" class=\"slide-2629 ms-image\"><img loading=\"lazy\" src=\"https:\/\/spbr.arq.br\/en\/wp-content\/uploads\/2020\/04\/SPBR_0402_IMG_0047_SLIDE-1140x643.jpg\" height=\"700\" width=\"1240\" alt=\"\" class=\"slider-1536 slide-2629\" title=\"SPBR_0402_IMG_0047_SLIDE\" \/><\/li>\n                <li style=\"display: none; width: 100%;\" class=\"slide-2630 ms-image\"><img loading=\"lazy\" src=\"https:\/\/spbr.arq.br\/en\/wp-content\/uploads\/2020\/04\/SPBR_0509_IMG_1450_SLIDE-1140x643.jpg\" height=\"700\" width=\"1240\" alt=\"\" class=\"slider-1536 slide-2630\" title=\"SPBR_0509_IMG_1450_SLIDE\" \/><\/li>\n                <li style=\"display: none; width: 100%;\" class=\"slide-2631 ms-image\"><img loading=\"lazy\" src=\"https:\/\/spbr.arq.br\/en\/wp-content\/uploads\/2020\/04\/SPBR_0707_IMG_0227_SLIDE-1140x643.jpg\" height=\"700\" width=\"1240\" alt=\"\" class=\"slider-1536 slide-2631\" title=\"SPBR_0707_IMG_0227_SLIDE\" \/><\/li>\n                <li style=\"display: none; width: 100%;\" class=\"slide-2632 ms-image\"><img loading=\"lazy\" src=\"https:\/\/spbr.arq.br\/en\/wp-content\/uploads\/2020\/04\/SPBR_0711_IMG_9669_SLIDE-1140x643.jpg\" height=\"700\" width=\"1240\" alt=\"\" class=\"slider-1536 slide-2632\" title=\"SPBR_0711_IMG_9669_SLIDE\" \/><\/li>\n                <li style=\"display: none; width: 100%;\" class=\"slide-2633 ms-image\"><img loading=\"lazy\" src=\"https:\/\/spbr.arq.br\/en\/wp-content\/uploads\/2020\/04\/SPBR_0801_IMG_120302_SLIDE-1140x643.jpg\" height=\"700\" width=\"1240\" alt=\"\" class=\"slider-1536 slide-2633\" title=\"SPBR_0801_IMG_120302_SLIDE\" \/><\/li>\n                <li style=\"display: none; width: 100%;\" class=\"slide-2635 ms-image\"><img loading=\"lazy\" src=\"https:\/\/spbr.arq.br\/en\/wp-content\/uploads\/2020\/04\/SPBR_1005_IMG_1914_SLIDE-1140x643.jpg\" height=\"700\" width=\"1240\" alt=\"\" class=\"slider-1536 slide-2635\" title=\"SPBR_1005_IMG_1914_SLIDE\" \/><\/li>\n            <\/ul>\n        <\/div>\n        \n    <\/div>\n<\/div>[\/et_pb_code][\/et_pb_column][\/et_pb_row][\/et_pb_section]<\/p>\n","protected":false},"excerpt":{"rendered":"<p>[et_pb_section fb_built=&#8221;1&#8243; disabled_on=&#8221;off|off|off&#8221; _builder_version=&#8221;4.5.1&#8243; background_color=&#8221;#ffffff&#8221; min_height=&#8221;785px&#8221; overflow-y=&#8221;hidden&#8221; custom_margin=&#8221;0px||||false|false&#8221; custom_padding=&#8221;70px||0px||false|false&#8221; hover_enabled=&#8221;0&#8243; min_height_last_edited=&#8221;on|tablet&#8221; custom_padding_last_edited=&#8221;on|tablet&#8221; custom_padding_tablet=&#8221;105px||0px||false|false&#8221; custom_padding_phone=&#8221;80px||||false|false&#8221;][et_pb_row _builder_version=&#8221;4.4.6&#8243; custom_margin=&#8221;20px|auto||auto|false|false&#8221; custom_padding=&#8221;4px||4px||true|&#8221;][et_pb_column type=&#8221;4_4&#8243; _builder_version=&#8221;4.4.3&#8243;][et_pb_toggle open_toggle_background_color=&#8221;rgba(255,255,255,0.69)&#8221; closed_toggle_background_color=&#8221;rgba(0,0,0,0)&#8221; icon_color=&#8221;#ffffff&#8221; _builder_version=&#8221;4.5.1&#8243; positioning=&#8221;absolute&#8221; position_origin_a=&#8221;top_right&#8221; position_origin_r=&#8221;top_right&#8221; z_index=&#8221;500&#8243; max_width=&#8221;350px&#8221; custom_margin=&#8221;-3px||0px||false|false&#8221; hover_transition_duration=&#8221;2000ms&#8221; hover_transition_speed_curve=&#8221;ease-in&#8221; hover_enabled=&#8221;0&#8243; border_color_all=&#8221;rgba(0,0,0,0)&#8221; max_width_last_edited=&#8221;on|phone&#8221; max_width_phone=&#8221;100%&#8221;] spbr arquitetos, fundado e dirigido por Angelo Bucci, abriga ideais amadurecidos ao longo de uma atua\u00e7\u00e3o exercida em duas frentes [&hellip;]<\/p>\n","protected":false},"author":1,"featured_media":0,"parent":0,"menu_order":0,"comment_status":"closed","ping_status":"closed","template":"","meta":{"_et_pb_use_builder":"on","_et_pb_old_content":"<!-- wp:divi\/placeholder \/-->","_et_gb_content_width":""},"_links":{"self":[{"href":"https:\/\/spbr.arq.br\/en\/wp-json\/wp\/v2\/pages\/20"}],"collection":[{"href":"https:\/\/spbr.arq.br\/en\/wp-json\/wp\/v2\/pages"}],"about":[{"href":"https:\/\/spbr.arq.br\/en\/wp-json\/wp\/v2\/types\/page"}],"author":[{"embeddable":true,"href":"https:\/\/spbr.arq.br\/en\/wp-json\/wp\/v2\/users\/1"}],"replies":[{"embeddable":true,"href":"https:\/\/spbr.arq.br\/en\/wp-json\/wp\/v2\/comments?post=20"}],"version-history":[{"count":19,"href":"https:\/\/spbr.arq.br\/en\/wp-json\/wp\/v2\/pages\/20\/revisions"}],"predecessor-version":[{"id":8958,"href":"https:\/\/spbr.arq.br\/en\/wp-json\/wp\/v2\/pages\/20\/revisions\/8958"}],"wp:attachment":[{"href":"https:\/\/spbr.arq.br\/en\/wp-json\/wp\/v2\/media?parent=20"}],"curies":[{"name":"wp","href":"https:\/\/api.w.org\/{rel}","templated":true}]}}